{"id":21,"date":"2026-05-01T08:47:43","date_gmt":"2026-05-01T06:47:43","guid":{"rendered":"https:\/\/piotrostal.pl\/?page_id=21"},"modified":"2026-05-01T18:24:05","modified_gmt":"2026-05-01T16:24:05","slug":"strona-glowna","status":"publish","type":"page","link":"https:\/\/piotrostal.pl\/","title":{"rendered":"STRONA G\u0141\u00d3WNA"},"content":{"rendered":"\t\t<div data-elementor-type=\"wp-page\" data-elementor-id=\"21\" class=\"elementor elementor-21\">\n\t\t\t\t<div class=\"elementor-element elementor-element-81bea6d e-con-full e-flex e-con e-parent\" data-id=\"81bea6d\" data-element_type=\"container\" data-e-type=\"container\" data-settings=\"{&quot;background_background&quot;:&quot;classic&quot;}\">\n\t\t<div class=\"elementor-element elementor-element-f3162c7 e-con-full e-flex e-con e-child\" data-id=\"f3162c7\" data-element_type=\"container\" data-e-type=\"container\">\n\t\t\t\t<div class=\"elementor-element elementor-element-f61082d elementor-widget__width-auto elementor-widget elementor-widget-image\" data-id=\"f61082d\" data-element_type=\"widget\" data-e-type=\"widget\" data-widget_type=\"image.default\">\n\t\t\t\t\t\t\t\t\t\t\t\t\t\t\t\t<a href=\"\/\">\n\t\t\t\t\t\t\t<img decoding=\"async\" src=\"https:\/\/piotrostal.pl\/wp-content\/uploads\/2026\/05\/cropped-ChatGPT-Image-1-maj-2026-o-11_29_35.png\" title=\"cropped-ChatGPT-Image-1-maj-2026-o-11_29_35.png\" alt=\"cropped-ChatGPT-Image-1-maj-2026-o-11_29_35.png\" loading=\"lazy\" \/>\t\t\t\t\t\t\t\t<\/a>\n\t\t\t\t\t\t\t\t\t\t\t\t\t\t\t<\/div>\n\t\t\t\t<\/div>\n\t\t<div class=\"elementor-element elementor-element-10cf403 e-con-full e-flex e-con e-child\" data-id=\"10cf403\" data-element_type=\"container\" data-e-type=\"container\">\n\t\t\t\t<\/div>\n\t\t\t\t<div class=\"elementor-element elementor-element-dce1af3 elementor-widget__width-auto elementor-widget elementor-widget-button\" data-id=\"dce1af3\" data-element_type=\"widget\" data-e-type=\"widget\" data-widget_type=\"button.default\">\n\t\t\t\t\t\t\t\t\t\t<a class=\"elementor-button elementor-button-link elementor-size-sm\" href=\"tel:517803257\">\n\t\t\t\t\t\t<span class=\"elementor-button-content-wrapper\">\n\t\t\t\t\t\t<span class=\"elementor-button-icon\">\n\t\t\t\t<svg aria-hidden=\"true\" class=\"e-font-icon-svg e-fas-phone-alt\" viewBox=\"0 0 512 512\" xmlns=\"http:\/\/www.w3.org\/2000\/svg\"><path d=\"M497.39 361.8l-112-48a24 24 0 0 0-28 6.9l-49.6 60.6A370.66 370.66 0 0 1 130.6 204.11l60.6-49.6a23.94 23.94 0 0 0 6.9-28l-48-112A24.16 24.16 0 0 0 122.6.61l-104 24A24 24 0 0 0 0 48c0 256.5 207.9 464 464 464a24 24 0 0 0 23.4-18.6l24-104a24.29 24.29 0 0 0-14.01-27.6z\"><\/path><\/svg>\t\t\t<\/span>\n\t\t\t\t\t\t\t\t\t<span class=\"elementor-button-text\">517 803 257<\/span>\n\t\t\t\t\t<\/span>\n\t\t\t\t\t<\/a>\n\t\t\t\t\t\t\t\t<\/div>\n\t\t\t\t<\/div>\n\t\t<div class=\"elementor-element elementor-element-6560d94 e-flex e-con-boxed e-con e-parent\" data-id=\"6560d94\" data-element_type=\"container\" data-e-type=\"container\" data-settings=\"{&quot;background_background&quot;:&quot;classic&quot;}\">\n\t\t\t\t\t<div class=\"e-con-inner\">\n\t\t\t\t<div class=\"elementor-element elementor-element-8dca834 elementor-widget__width-auto elementor-widget elementor-widget-heading\" data-id=\"8dca834\" data-element_type=\"widget\" data-e-type=\"widget\" data-widget_type=\"heading.default\">\n\t\t\t\t\t<h2 class=\"elementor-heading-title elementor-size-default\">PIOTROSTAL<\/h2>\t\t\t\t<\/div>\n\t\t\t\t<div class=\"elementor-element elementor-element-19e300d elementor-widget__width-auto elementor-widget elementor-widget-heading\" data-id=\"19e300d\" data-element_type=\"widget\" data-e-type=\"widget\" data-widget_type=\"heading.default\">\n\t\t\t\t\t<h2 class=\"elementor-heading-title elementor-size-default\">KONSTRUKCJE STALOWE | SPAWANIE | MONTA\u017b<\/h2>\t\t\t\t<\/div>\n\t\t\t\t<div class=\"elementor-element elementor-element-f3c69fd elementor-widget__width-auto elementor-widget elementor-widget-text-editor\" data-id=\"f3c69fd\" data-element_type=\"widget\" data-e-type=\"widget\" data-widget_type=\"text-editor.default\">\n\t\t\t\t\t\t\t\t\t<p>Solidno\u015b\u0107, precyzja i do\u015bwiadczenie.\u00a0<\/p><p>Realizujemy projekty od pomys\u0142u\u00a0<\/p><p>a\u017c po gotow\u0105 konstrukcj\u0119.<\/p>\t\t\t\t\t\t\t\t<\/div>\n\t\t\t\t<div class=\"elementor-element elementor-element-a477fd7 elementor-widget__width-auto elementor-widget elementor-widget-button\" data-id=\"a477fd7\" data-element_type=\"widget\" data-e-type=\"widget\" data-widget_type=\"button.default\">\n\t\t\t\t\t\t\t\t\t\t<a class=\"elementor-button elementor-button-link elementor-size-sm\" href=\"tel:517803257\">\n\t\t\t\t\t\t<span class=\"elementor-button-content-wrapper\">\n\t\t\t\t\t\t<span class=\"elementor-button-icon\">\n\t\t\t\t<svg aria-hidden=\"true\" class=\"e-font-icon-svg e-fas-phone-alt\" viewBox=\"0 0 512 512\" xmlns=\"http:\/\/www.w3.org\/2000\/svg\"><path d=\"M497.39 361.8l-112-48a24 24 0 0 0-28 6.9l-49.6 60.6A370.66 370.66 0 0 1 130.6 204.11l60.6-49.6a23.94 23.94 0 0 0 6.9-28l-48-112A24.16 24.16 0 0 0 122.6.61l-104 24A24 24 0 0 0 0 48c0 256.5 207.9 464 464 464a24 24 0 0 0 23.4-18.6l24-104a24.29 24.29 0 0 0-14.01-27.6z\"><\/path><\/svg>\t\t\t<\/span>\n\t\t\t\t\t\t\t\t\t<span class=\"elementor-button-text\">ZADZWO\u0143 TERAZ<\/span>\n\t\t\t\t\t<\/span>\n\t\t\t\t\t<\/a>\n\t\t\t\t\t\t\t\t<\/div>\n\t\t\t\t\t<\/div>\n\t\t\t\t<\/div>\n\t\t<div class=\"elementor-element elementor-element-13da50c e-con-full e-flex e-con e-parent\" data-id=\"13da50c\" data-element_type=\"container\" data-e-type=\"container\">\n\t\t\t\t<div class=\"elementor-element elementor-element-647e379 elementor-widget__width-initial elementor-view-default elementor-widget elementor-widget-icon\" data-id=\"647e379\" data-element_type=\"widget\" data-e-type=\"widget\" data-widget_type=\"icon.default\">\n\t\t\t\t\t\t\t<div class=\"elementor-icon-wrapper\">\n\t\t\t<div class=\"elementor-icon\">\n\t\t\t<svg xmlns=\"http:\/\/www.w3.org\/2000\/svg\" width=\"64\" height=\"64\" viewBox=\"0 0 64 64\" fill=\"none\"><g stroke=\"#1e73be\" stroke-width=\"3\" stroke-linecap=\"round\"><rect x=\"12\" y=\"24\" width=\"40\" height=\"20\"><\/rect><line x1=\"12\" y1=\"24\" x2=\"32\" y2=\"12\"><\/line><line x1=\"52\" y1=\"24\" x2=\"32\" y2=\"12\"><\/line><line x1=\"32\" y1=\"12\" x2=\"32\" y2=\"44\"><\/line><\/g><\/svg>\t\t\t<\/div>\n\t\t<\/div>\n\t\t\t\t\t\t<\/div>\n\t\t<div class=\"elementor-element elementor-element-9c1ae3b e-flex e-con-boxed e-con e-child\" data-id=\"9c1ae3b\" data-element_type=\"container\" data-e-type=\"container\">\n\t\t\t\t\t<div class=\"e-con-inner\">\n\t\t\t\t<div class=\"elementor-element elementor-element-f5592c4 elementor-widget elementor-widget-heading\" data-id=\"f5592c4\" data-element_type=\"widget\" data-e-type=\"widget\" data-widget_type=\"heading.default\">\n\t\t\t\t\t<h2 class=\"elementor-heading-title elementor-size-default\">KONSTRUKCJE STALOWE<\/h2>\t\t\t\t<\/div>\n\t\t\t\t<div class=\"elementor-element elementor-element-fca5ca9 elementor-widget elementor-widget-text-editor\" data-id=\"fca5ca9\" data-element_type=\"widget\" data-e-type=\"widget\" data-widget_type=\"text-editor.default\">\n\t\t\t\t\t\t\t\t\t<p data-start=\"212\" data-end=\"400\">Projektujemy i wykonujemy konstrukcje stalowe dla hal, wiat i obiekt\u00f3w przemys\u0142owych. Zapewniamy solidne wykonanie, trwa\u0142o\u015b\u0107 oraz dopasowanie do indywidualnych potrzeb klienta.<\/p>\t\t\t\t\t\t\t\t<\/div>\n\t\t\t\t\t<\/div>\n\t\t\t\t<\/div>\n\t\t\t\t<div class=\"elementor-element elementor-element-915b4f3 elementor-widget__width-initial elementor-view-default elementor-widget elementor-widget-icon\" data-id=\"915b4f3\" data-element_type=\"widget\" data-e-type=\"widget\" data-widget_type=\"icon.default\">\n\t\t\t\t\t\t\t<div class=\"elementor-icon-wrapper\">\n\t\t\t<div class=\"elementor-icon\">\n\t\t\t<svg xmlns=\"http:\/\/www.w3.org\/2000\/svg\" width=\"64\" height=\"64\" viewBox=\"0 0 64 64\" fill=\"none\"><g stroke=\"#1e73be\" stroke-width=\"3\" stroke-linecap=\"round\"><line x1=\"12\" y1=\"20\" x2=\"52\" y2=\"20\"><\/line><line x1=\"12\" y1=\"40\" x2=\"52\" y2=\"40\"><\/line><line x1=\"20\" y1=\"20\" x2=\"20\" y2=\"40\"><\/line><line x1=\"32\" y1=\"20\" x2=\"32\" y2=\"40\"><\/line><line x1=\"44\" y1=\"20\" x2=\"44\" y2=\"40\"><\/line><\/g><\/svg>\t\t\t<\/div>\n\t\t<\/div>\n\t\t\t\t\t\t<\/div>\n\t\t<div class=\"elementor-element elementor-element-ee987aa e-flex e-con-boxed e-con e-child\" data-id=\"ee987aa\" data-element_type=\"container\" data-e-type=\"container\">\n\t\t\t\t\t<div class=\"e-con-inner\">\n\t\t\t\t<div class=\"elementor-element elementor-element-93cb906 elementor-widget elementor-widget-heading\" data-id=\"93cb906\" data-element_type=\"widget\" data-e-type=\"widget\" data-widget_type=\"heading.default\">\n\t\t\t\t\t<h2 class=\"elementor-heading-title elementor-size-default\">BALUSTRADY I POR\u0118CZE<\/h2>\t\t\t\t<\/div>\n\t\t\t\t<div class=\"elementor-element elementor-element-aa93421 elementor-widget elementor-widget-text-editor\" data-id=\"aa93421\" data-element_type=\"widget\" data-e-type=\"widget\" data-widget_type=\"text-editor.default\">\n\t\t\t\t\t\t\t\t\t<p data-start=\"454\" data-end=\"610\">Tworzymy nowoczesne i trwa\u0142e balustrady oraz por\u0119cze stalowe do wn\u0119trz i na zewn\u0105trz. Dbamy o estetyk\u0119, bezpiecze\u0144stwo i precyzyjne wykonanie ka\u017cdego detalu.<\/p>\t\t\t\t\t\t\t\t<\/div>\n\t\t\t\t\t<\/div>\n\t\t\t\t<\/div>\n\t\t\t\t<div class=\"elementor-element elementor-element-5a991f6 elementor-widget__width-initial elementor-view-default elementor-widget elementor-widget-icon\" data-id=\"5a991f6\" data-element_type=\"widget\" data-e-type=\"widget\" data-widget_type=\"icon.default\">\n\t\t\t\t\t\t\t<div class=\"elementor-icon-wrapper\">\n\t\t\t<div class=\"elementor-icon\">\n\t\t\t<svg xmlns=\"http:\/\/www.w3.org\/2000\/svg\" width=\"64\" height=\"64\" viewBox=\"0 0 64 64\" fill=\"none\"><g stroke=\"#1e73be\" stroke-width=\"3\" stroke-linecap=\"round\"><path d=\"M12 40 H24 V32 H36 V24 H48 V16\"><\/path><\/g><\/svg>\t\t\t<\/div>\n\t\t<\/div>\n\t\t\t\t\t\t<\/div>\n\t\t<div class=\"elementor-element elementor-element-6b51179 e-flex e-con-boxed e-con e-child\" data-id=\"6b51179\" data-element_type=\"container\" data-e-type=\"container\">\n\t\t\t\t\t<div class=\"e-con-inner\">\n\t\t\t\t<div class=\"elementor-element elementor-element-32f1971 elementor-widget elementor-widget-heading\" data-id=\"32f1971\" data-element_type=\"widget\" data-e-type=\"widget\" data-widget_type=\"heading.default\">\n\t\t\t\t\t<h2 class=\"elementor-heading-title elementor-size-default\">SCHODY STALOWE<\/h2>\t\t\t\t<\/div>\n\t\t\t\t<div class=\"elementor-element elementor-element-d62b882 elementor-widget elementor-widget-text-editor\" data-id=\"d62b882\" data-element_type=\"widget\" data-e-type=\"widget\" data-widget_type=\"text-editor.default\">\n\t\t\t\t\t\t\t\t\t<p data-start=\"656\" data-end=\"812\">Wykonujemy solidne schody stalowe dopasowane do projektu i przestrzeni. \u0141\u0105czymy funkcjonalno\u015b\u0107 z estetyk\u0105, tworz\u0105c trwa\u0142e i wygodne rozwi\u0105zania.<\/p>\t\t\t\t\t\t\t\t<\/div>\n\t\t\t\t\t<\/div>\n\t\t\t\t<\/div>\n\t\t\t\t<div class=\"elementor-element elementor-element-373ffee elementor-widget__width-initial elementor-view-default elementor-widget elementor-widget-icon\" data-id=\"373ffee\" data-element_type=\"widget\" data-e-type=\"widget\" data-widget_type=\"icon.default\">\n\t\t\t\t\t\t\t<div class=\"elementor-icon-wrapper\">\n\t\t\t<div class=\"elementor-icon\">\n\t\t\t<svg xmlns=\"http:\/\/www.w3.org\/2000\/svg\" width=\"64\" height=\"64\" viewBox=\"0 0 64 64\" fill=\"none\"><g stroke=\"#1e73be\" stroke-width=\"3\" stroke-linecap=\"round\"><path d=\"M14 20 L30 34\"><\/path><line x1=\"30\" y1=\"34\" x2=\"52\" y2=\"34\"><\/line><line x1=\"30\" y1=\"34\" x2=\"30\" y2=\"24\"><\/line><line x1=\"30\" y1=\"34\" x2=\"40\" y2=\"28\"><\/line><line x1=\"30\" y1=\"34\" x2=\"40\" y2=\"40\"><\/line><\/g><\/svg>\t\t\t<\/div>\n\t\t<\/div>\n\t\t\t\t\t\t<\/div>\n\t\t<div class=\"elementor-element elementor-element-10a5eb5 e-flex e-con-boxed e-con e-child\" data-id=\"10a5eb5\" data-element_type=\"container\" data-e-type=\"container\">\n\t\t\t\t\t<div class=\"e-con-inner\">\n\t\t\t\t<div class=\"elementor-element elementor-element-cfa5f85 elementor-widget elementor-widget-heading\" data-id=\"cfa5f85\" data-element_type=\"widget\" data-e-type=\"widget\" data-widget_type=\"heading.default\">\n\t\t\t\t\t<h2 class=\"elementor-heading-title elementor-size-default\">SPAWANIE<br><\/h2>\t\t\t\t<\/div>\n\t\t\t\t<div class=\"elementor-element elementor-element-6eaebca elementor-widget elementor-widget-text-editor\" data-id=\"6eaebca\" data-element_type=\"widget\" data-e-type=\"widget\" data-widget_type=\"text-editor.default\">\n\t\t\t\t\t\t\t\t\t<p>Oferujemy profesjonalne us\u0142ugi spawalnicze \u2013 \u0142\u0105czenie, naprawy i obr\u00f3bk\u0119 element\u00f3w stalowych. Gwarantujemy dok\u0142adno\u015b\u0107, wytrzyma\u0142o\u015b\u0107 i wysok\u0105 jako\u015b\u0107 wykonania.<\/p>\t\t\t\t\t\t\t\t<\/div>\n\t\t\t\t\t<\/div>\n\t\t\t\t<\/div>\n\t\t\t\t<\/div>\n\t\t<div class=\"elementor-element elementor-element-c3a8765 e-con-full e-flex e-con e-parent\" data-id=\"c3a8765\" data-element_type=\"container\" data-e-type=\"container\" data-settings=\"{&quot;background_background&quot;:&quot;classic&quot;,&quot;shape_divider_top&quot;:&quot;tilt&quot;}\">\n\t\t\t\t<div class=\"elementor-shape elementor-shape-top\" aria-hidden=\"true\" data-negative=\"false\">\n\t\t\t<svg xmlns=\"http:\/\/www.w3.org\/2000\/svg\" viewBox=\"0 0 1000 100\" preserveAspectRatio=\"none\">\n\t<path class=\"elementor-shape-fill\" d=\"M0,6V0h1000v100L0,6z\"\/>\n<\/svg>\t\t<\/div>\n\t\t<div class=\"elementor-element elementor-element-1d30511 e-con-full e-flex e-con e-child\" data-id=\"1d30511\" data-element_type=\"container\" data-e-type=\"container\">\n\t\t\t\t<div class=\"elementor-element elementor-element-fc80a51 elementor-widget elementor-widget-heading\" data-id=\"fc80a51\" data-element_type=\"widget\" data-e-type=\"widget\" data-widget_type=\"heading.default\">\n\t\t\t\t\t<h2 class=\"elementor-heading-title elementor-size-default\">O NAS<\/h2>\t\t\t\t<\/div>\n\t\t\t\t<div class=\"elementor-element elementor-element-0f8fff7 elementor-widget elementor-widget-text-editor\" data-id=\"0f8fff7\" data-element_type=\"widget\" data-e-type=\"widget\" data-widget_type=\"text-editor.default\">\n\t\t\t\t\t\t\t\t\t<p style=\"text-align: left;\">Firma PIOTROSTAL to do\u015bwiadczenie, rzetelno\u015b\u0107 i indywidualne podej\u015bcie do ka\u017cdego zlecenia. <br \/>Specjalizujemy si\u0119 w konstrukcjach stalowych, spawaniu oraz monta\u017cu. <br \/>Dzia\u0142amy na terenie wojew\u00f3dztwa kujawsko-pomorskiego i okolic.<\/p>\t\t\t\t\t\t\t\t<\/div>\n\t\t\t\t<\/div>\n\t\t<div class=\"elementor-element elementor-element-941ea6e e-con-full e-flex e-con e-child\" data-id=\"941ea6e\" data-element_type=\"container\" data-e-type=\"container\">\n\t\t\t\t<div class=\"elementor-element elementor-element-3fe76c0 elementor-widget elementor-widget-heading\" data-id=\"3fe76c0\" data-element_type=\"widget\" data-e-type=\"widget\" data-widget_type=\"heading.default\">\n\t\t\t\t\t<h2 class=\"elementor-heading-title elementor-size-default\">DLACZEGO MY<\/h2>\t\t\t\t<\/div>\n\t\t\t\t<div class=\"elementor-element elementor-element-441b2ad elementor-widget elementor-widget-text-editor\" data-id=\"441b2ad\" data-element_type=\"widget\" data-e-type=\"widget\" data-widget_type=\"text-editor.default\">\n\t\t\t\t\t\t\t\t\t<p>\u2714 Wysoka jako\u015b\u0107 wykonania<br \/>\u2714 Terminowo\u015b\u0107<br \/>\u2714 Konkurencyjne ceny<br \/>\u2714 Indywidualne podej\u015bcie<\/p>\t\t\t\t\t\t\t\t<\/div>\n\t\t\t\t<\/div>\n\t\t<div class=\"elementor-element elementor-element-56f7daa e-con-full e-flex e-con e-child\" data-id=\"56f7daa\" data-element_type=\"container\" data-e-type=\"container\">\n\t\t\t\t<div class=\"elementor-element elementor-element-0748406 elementor-widget elementor-widget-heading\" data-id=\"0748406\" data-element_type=\"widget\" data-e-type=\"widget\" data-widget_type=\"heading.default\">\n\t\t\t\t\t<h2 class=\"elementor-heading-title elementor-size-default\">KONTAKT<\/h2>\t\t\t\t<\/div>\n\t\t\t\t<div class=\"elementor-element elementor-element-1e40aa4 elementor-widget elementor-widget-text-editor\" data-id=\"1e40aa4\" data-element_type=\"widget\" data-e-type=\"widget\" data-widget_type=\"text-editor.default\">\n\t\t\t\t\t\t\t\t\t<p style=\"text-align: left;\" data-wp-editing=\"1\"><img decoding=\"async\" class=\"emoji\" role=\"img\" draggable=\"false\" src=\"https:\/\/s.w.org\/images\/core\/emoji\/17.0.2\/svg\/1f4de.svg\" alt=\"\ud83d\udcde\" \/>\u00a0 <a href=\"tel:+48517803257\" target=\"_blank\" rel=\"noopener\">517 803 257<\/a><br \/><img decoding=\"async\" class=\"emoji\" role=\"img\" draggable=\"false\" src=\"https:\/\/s.w.org\/images\/core\/emoji\/17.0.2\/svg\/2709.svg\" alt=\"\u2709\ufe0f\" \/>\u00a0 <a href=\"mailto:piotr.piotrostal@gmail.com\" target=\"_blank\" rel=\"noopener\">piotr.piotrostal@gmail.com<\/a><br \/><img decoding=\"async\" class=\"emoji\" role=\"img\" draggable=\"false\" src=\"https:\/\/s.w.org\/images\/core\/emoji\/17.0.2\/svg\/1f4cd.svg\" alt=\"\ud83d\udccd\" \/>\u00a0 <a href=\"https:\/\/www.google.com\/maps\/place\/Chabrowa+48,+87-400+Soko\u0142owo\/@53.0983094,19.0801369,17z\/data=!3m1!4b1!4m6!3m5!1s0x471cdb1187c9f885:0x9dff70bc4985ba29!8m2!3d53.0983062!4d19.0827118!16s%2Fg%2F11vc4pnww7?entry=ttu&amp;g_ep=EgoyMDI2MDQyOC4wIKXMDSoASAFQAw%3D%3D\" target=\"_blank\" rel=\"noopener\">Soko\u0142owo ul. Chabrowa 48,<br \/><span style=\"margin-left: 25px;\">87-400 Golub-Dobrzy\u0144<\/span><\/a><\/p>\t\t\t\t\t\t\t\t<\/div>\n\t\t\t\t<\/div>\n\t\t\t\t<\/div>\n\t\t\t\t<\/div>\n\t\t","protected":false},"excerpt":{"rendered":"<p>517 803 257 PIOTROSTAL KONSTRUKCJE STALOWE | SPAWANIE | MONTA\u017b Solidno\u015b\u0107, precyzja i do\u015bwiadczenie.\u00a0 Realizujemy projekty od pomys\u0142u\u00a0 a\u017c po [&hellip;]<\/p>\n","protected":false},"author":1,"featured_media":0,"parent":0,"menu_order":0,"comment_status":"closed","ping_status":"closed","template":"elementor_canvas","meta":{"site-sidebar-layout":"default","site-content-layout":"","ast-site-content-layout":"default","site-content-style":"default","site-sidebar-style":"default","ast-global-header-display":"","ast-banner-title-visibility":"","ast-main-header-display":"","ast-hfb-above-header-display":"","ast-hfb-below-header-display":"","ast-hfb-mobile-header-display":"","site-post-title":"","ast-breadcrumbs-content":"","ast-featured-img":"","footer-sml-layout":"","ast-disable-related-posts":"","theme-transparent-header-meta":"","adv-header-id-meta":"","stick-header-meta":"","header-above-stick-meta":"","header-main-stick-meta":"","header-below-stick-meta":"","astra-migrate-meta-layouts":"default","ast-page-background-enabled":"default","ast-page-background-meta":{"desktop":{"background-color":"var(--ast-global-color-5)","background-image":"","background-repeat":"repeat","background-position":"center center","background-size":"auto","background-attachment":"scroll","background-type":"","background-media":"","overlay-type":"","overlay-color":"","overlay-opacity":"","overlay-gradient":""},"tablet":{"background-color":"","background-image":"","background-repeat":"repeat","background-position":"center center","background-size":"auto","background-attachment":"scroll","background-type":"","background-media":"","overlay-type":"","overlay-color":"","overlay-opacity":"","overlay-gradient":""},"mobile":{"background-color":"","background-image":"","background-repeat":"repeat","background-position":"center center","background-size":"auto","background-attachment":"scroll","background-type":"","background-media":"","overlay-type":"","overlay-color":"","overlay-opacity":"","overlay-gradient":""}},"ast-content-background-meta":{"desktop":{"background-color":"var(--ast-global-color-4)","background-image":"","background-repeat":"repeat","background-position":"center center","background-size":"auto","background-attachment":"scroll","background-type":"","background-media":"","overlay-type":"","overlay-color":"","overlay-opacity":"","overlay-gradient":""},"tablet":{"background-color":"var(--ast-global-color-4)","background-image":"","background-repeat":"repeat","background-position":"center center","background-size":"auto","background-attachment":"scroll","background-type":"","background-media":"","overlay-type":"","overlay-color":"","overlay-opacity":"","overlay-gradient":""},"mobile":{"background-color":"var(--ast-global-color-4)","background-image":"","background-repeat":"repeat","background-position":"center center","background-size":"auto","background-attachment":"scroll","background-type":"","background-media":"","overlay-type":"","overlay-color":"","overlay-opacity":"","overlay-gradient":""}},"footnotes":""},"class_list":["post-21","page","type-page","status-publish","hentry"],"_links":{"self":[{"href":"https:\/\/piotrostal.pl\/index.php?rest_route=\/wp\/v2\/pages\/21","targetHints":{"allow":["GET"]}}],"collection":[{"href":"https:\/\/piotrostal.pl\/index.php?rest_route=\/wp\/v2\/pages"}],"about":[{"href":"https:\/\/piotrostal.pl\/index.php?rest_route=\/wp\/v2\/types\/page"}],"author":[{"embeddable":true,"href":"https:\/\/piotrostal.pl\/index.php?rest_route=\/wp\/v2\/users\/1"}],"replies":[{"embeddable":true,"href":"https:\/\/piotrostal.pl\/index.php?rest_route=%2Fwp%2Fv2%2Fcomments&post=21"}],"version-history":[{"count":163,"href":"https:\/\/piotrostal.pl\/index.php?rest_route=\/wp\/v2\/pages\/21\/revisions"}],"predecessor-version":[{"id":242,"href":"https:\/\/piotrostal.pl\/index.php?rest_route=\/wp\/v2\/pages\/21\/revisions\/242"}],"wp:attachment":[{"href":"https:\/\/piotrostal.pl\/index.php?rest_route=%2Fwp%2Fv2%2Fmedia&parent=21"}],"curies":[{"name":"wp","href":"https:\/\/api.w.org\/{rel}","templated":true}]}}